{"id":78,"date":"2015-02-09T13:41:10","date_gmt":"2015-02-09T11:41:10","guid":{"rendered":"http:\/\/www.baufirma-homburg.de\/?page_id=78"},"modified":"2015-02-16T08:57:54","modified_gmt":"2015-02-16T06:57:54","slug":"ueber-uns","status":"publish","type":"page","link":"https:\/\/www.baufirma-homburg.de\/?page_id=78","title":{"rendered":"\u00dcber uns"},"content":{"rendered":"<ul>\n<li>Die Baufirma <strong>Marcel\u00a0 Homburg<\/strong> wurde zun\u00e4chst als Einzelunternehmen im Jahre 2006 gegr\u00fcndet.<\/li>\n<li>Im Jahre 2009 wurde die<strong> Baufirma Marcel Homburg GmbH<\/strong> gegr\u00fcndet.<\/li>\n<li>Unsere Firma besch\u00e4ftigt heute 8 feste Mitarbeiter.<\/li>\n<\/ul>\n","protected":false},"excerpt":{"rendered":"<p>Die Baufirma Marcel\u00a0 Homburg wurde zun\u00e4chst als Einzelunternehmen im Jahre 2006 gegr\u00fcndet. Im Jahre 2009 wurde die Baufirma Marcel Homburg GmbH gegr\u00fcndet. Unsere Firma besch\u00e4ftigt heute 8 feste Mitarbeiter.<\/p>\n","protected":false},"author":1,"featured_media":36,"parent":0,"menu_order":0,"comment_status":"closed","ping_status":"closed","template":"","meta":{"ngg_post_thumbnail":0,"footnotes":""},"_links":{"self":[{"href":"https:\/\/www.baufirma-homburg.de\/index.php?rest_route=\/wp\/v2\/pages\/78"}],"collection":[{"href":"https:\/\/www.baufirma-homburg.de\/index.php?rest_route=\/wp\/v2\/pages"}],"about":[{"href":"https:\/\/www.baufirma-homburg.de\/index.php?rest_route=\/wp\/v2\/types\/page"}],"author":[{"embeddable":true,"href":"https:\/\/www.baufirma-homburg.de\/index.php?rest_route=\/wp\/v2\/users\/1"}],"replies":[{"embeddable":true,"href":"https:\/\/www.baufirma-homburg.de\/index.php?rest_route=%2Fwp%2Fv2%2Fcomments&post=78"}],"version-history":[{"count":3,"href":"https:\/\/www.baufirma-homburg.de\/index.php?rest_route=\/wp\/v2\/pages\/78\/revisions"}],"predecessor-version":[{"id":185,"href":"https:\/\/www.baufirma-homburg.de\/index.php?rest_route=\/wp\/v2\/pages\/78\/revisions\/185"}],"wp:featuredmedia":[{"embeddable":true,"href":"https:\/\/www.baufirma-homburg.de\/index.php?rest_route=\/wp\/v2\/media\/36"}],"wp:attachment":[{"href":"https:\/\/www.baufirma-homburg.de\/index.php?rest_route=%2Fwp%2Fv2%2Fmedia&parent=78"}],"curies":[{"name":"wp","href":"https:\/\/api.w.org\/{rel}","templated":true}]}}