{"id":80,"date":"2015-02-09T13:45:42","date_gmt":"2015-02-09T11:45:42","guid":{"rendered":"http:\/\/www.baufirma-homburg.de\/?page_id=80"},"modified":"2015-02-10T10:42:18","modified_gmt":"2015-02-10T08:42:18","slug":"unsere-leistungen","status":"publish","type":"page","link":"https:\/\/www.baufirma-homburg.de\/?page_id=80","title":{"rendered":"Unsere Leistungen"},"content":{"rendered":"<ul>\n<li>Hochbau<\/li>\n<li>Neubau &#8211; Schwerpunkt Einfamilienh\u00e4user<\/li>\n<li>Altbausanierung<\/li>\n<li>Innen- und Au\u00dfenputz<\/li>\n<li>Vollw\u00e4rmeschutz<\/li>\n<li>Klinkerarbeiten<\/li>\n<li>Malerarbeiten<\/li>\n<li>Trockenbau<\/li>\n<li>Estricharbeiten<\/li>\n<li>Pflasterarbeiten<\/li>\n<\/ul>\n","protected":false},"excerpt":{"rendered":"<p>Hochbau Neubau &#8211; Schwerpunkt Einfamilienh\u00e4user Altbausanierung Innen- und Au\u00dfenputz Vollw\u00e4rmeschutz Klinkerarbeiten Malerarbeiten Trockenbau Estricharbeiten Pflasterarbeiten<\/p>\n","protected":false},"author":1,"featured_media":36,"parent":0,"menu_order":0,"comment_status":"closed","ping_status":"closed","template":"","meta":{"ngg_post_thumbnail":0,"footnotes":""},"_links":{"self":[{"href":"https:\/\/www.baufirma-homburg.de\/index.php?rest_route=\/wp\/v2\/pages\/80"}],"collection":[{"href":"https:\/\/www.baufirma-homburg.de\/index.php?rest_route=\/wp\/v2\/pages"}],"about":[{"href":"https:\/\/www.baufirma-homburg.de\/index.php?rest_route=\/wp\/v2\/types\/page"}],"author":[{"embeddable":true,"href":"https:\/\/www.baufirma-homburg.de\/index.php?rest_route=\/wp\/v2\/users\/1"}],"replies":[{"embeddable":true,"href":"https:\/\/www.baufirma-homburg.de\/index.php?rest_route=%2Fwp%2Fv2%2Fcomments&post=80"}],"version-history":[{"count":1,"href":"https:\/\/www.baufirma-homburg.de\/index.php?rest_route=\/wp\/v2\/pages\/80\/revisions"}],"predecessor-version":[{"id":81,"href":"https:\/\/www.baufirma-homburg.de\/index.php?rest_route=\/wp\/v2\/pages\/80\/revisions\/81"}],"wp:featuredmedia":[{"embeddable":true,"href":"https:\/\/www.baufirma-homburg.de\/index.php?rest_route=\/wp\/v2\/media\/36"}],"wp:attachment":[{"href":"https:\/\/www.baufirma-homburg.de\/index.php?rest_route=%2Fwp%2Fv2%2Fmedia&parent=80"}],"curies":[{"name":"wp","href":"https:\/\/api.w.org\/{rel}","templated":true}]}}